{"id":9,"date":"2019-10-01T19:11:08","date_gmt":"2019-10-01T19:11:08","guid":{"rendered":"http:\/\/bgpack.com.br\/site\/?page_id=9"},"modified":"2024-02-19T17:22:39","modified_gmt":"2024-02-19T17:22:39","slug":"produto","status":"publish","type":"page","link":"https:\/\/bgpack.com.br\/site\/index.php\/produto\/","title":{"rendered":"A Empresa"},"content":{"rendered":"<p><!--StartFragment--><\/p>\r\n\r\n<div class=\"n2-section-smartslider \" role=\"region\" aria-label=\"Slider\"><style>div#n2-ss-4{width:1200px;float:left;margin:0px 0px 0px 0px;}html[dir=\"rtl\"] div#n2-ss-4{float:right;}div#n2-ss-4 .n2-ss-slider-1{position:relative;padding-top:0px;padding-right:0px;padding-bottom:0px;padding-left:0px;height:500px;border-style:solid;border-width:0px;border-color:#3e3e3e;border-color:RGBA(62,62,62,1);border-radius:0px;background-clip:padding-box;background-repeat:repeat;background-position:50% 50%;background-size:cover;background-attachment:scroll;}div#n2-ss-4 .n2-ss-slider-background-video-container{position:absolute;left:0;top:0;width:100%;height:100%;overflow:hidden;}div#n2-ss-4 .n2-ss-slider-2{position:relative;width:100%;height:100%;}.x-firefox div#n2-ss-4 .n2-ss-slider-2{opacity:0.99999;}div#n2-ss-4 .n2-ss-slider-3{position:relative;width:100%;height:100%;overflow:hidden;outline:1px solid rgba(0,0,0,0);z-index:10;}div#n2-ss-4 .n2-ss-slide-backgrounds,div#n2-ss-4 .n2-ss-slider-3 > .n-particles-js-canvas-el,div#n2-ss-4 .n2-ss-slider-3 > .n2-ss-divider{position:absolute;left:0;top:0;width:100%;height:100%;}div#n2-ss-4 .n2-ss-slide-backgrounds{z-index:10;}div#n2-ss-4 .n2-ss-slider-3 > .n-particles-js-canvas-el{z-index:12;}div#n2-ss-4 .n2-ss-slide-backgrounds > *{overflow:hidden;}div#n2-ss-4 .n2-ss-slide{position:absolute;top:0;left:0;width:100%;height:100%;z-index:20;display:block;-webkit-backface-visibility:hidden;}div#n2-ss-4 .n2-ss-layers-container{position:relative;width:1200px;height:500px;}div#n2-ss-4 .n2-ss-parallax-clip > .n2-ss-layers-container{position:absolute;right:0;}div#n2-ss-4 .n2-ss-slide{perspective:1500px;}div#n2-ss-4[data-ie] .n2-ss-slide{perspective:none;transform:perspective(1500px);}div#n2-ss-4 .n2-ss-slide-active{z-index:21;}div#n2-ss-4 .nextend-arrow{cursor:pointer;overflow:hidden;line-height:0 !important;z-index:20;}div#n2-ss-4 .nextend-arrow img{position:relative;min-height:0;min-width:0;vertical-align:top;width:auto;height:auto;max-width:100%;max-height:100%;display:inline;}div#n2-ss-4 .nextend-arrow img.n2-arrow-hover-img{display:none;}div#n2-ss-4 .nextend-arrow:HOVER img.n2-arrow-hover-img{display:inline;}div#n2-ss-4 .nextend-arrow:HOVER img.n2-arrow-normal-img{display:none;}div#n2-ss-4 .nextend-arrow-animated{overflow:hidden;}div#n2-ss-4 .nextend-arrow-animated > div{position:relative;}div#n2-ss-4 .nextend-arrow-animated .n2-active{position:absolute;}div#n2-ss-4 .nextend-arrow-animated-fade{transition:background 0.3s, opacity 0.4s;}div#n2-ss-4 .nextend-arrow-animated-horizontal > div{transition:all 0.4s;left:0;}div#n2-ss-4 .nextend-arrow-animated-horizontal .n2-active{top:0;}div#n2-ss-4 .nextend-arrow-previous.nextend-arrow-animated-horizontal:HOVER > div,div#n2-ss-4 .nextend-arrow-next.nextend-arrow-animated-horizontal .n2-active{left:-100%;}div#n2-ss-4 .nextend-arrow-previous.nextend-arrow-animated-horizontal .n2-active,div#n2-ss-4 .nextend-arrow-next.nextend-arrow-animated-horizontal:HOVER > div{left:100%;}div#n2-ss-4 .nextend-arrow.nextend-arrow-animated-horizontal:HOVER .n2-active{left:0;}div#n2-ss-4 .nextend-arrow-animated-vertical > div{transition:all 0.4s;top:0;}div#n2-ss-4 .nextend-arrow-animated-vertical .n2-active{left:0;}div#n2-ss-4 .nextend-arrow-animated-vertical .n2-active{top:-100%;}div#n2-ss-4 .nextend-arrow-animated-vertical:HOVER > div{top:100%;}div#n2-ss-4 .nextend-arrow-animated-vertical:HOVER .n2-active{top:0;}<\/style><div id=\"n2-ss-4-align\" class=\"n2-ss-align\"><div class=\"n2-padding\"><div id=\"n2-ss-4\" data-creator=\"Smart Slider 3\" class=\"n2-ss-slider n2-ow n2-has-hover n2notransition  n2-ss-load-fade \" data-minFontSizedesktopPortrait=\"4\" data-minFontSizedesktopLandscape=\"4\" data-minFontSizetabletPortrait=\"4\" data-minFontSizetabletLandscape=\"4\" data-minFontSizemobilePortrait=\"4\" data-minFontSizemobileLandscape=\"4\" style=\"font-size: 1rem;\" data-fontsize=\"16\">\r\n        <div class=\"n2-ss-slider-1 n2-ss-swipe-element n2-ow\" style=\"\">\r\n                        <div class=\"n2-ss-slider-2 n2-ow\">\r\n                                <div class=\"n2-ss-slider-3 n2-ow\" style=\"\">\r\n\r\n                    <div class=\"n2-ss-slide-backgrounds\"><\/div><div data-first=\"1\" data-slide-duration=\"0\" data-id=\"41\" style=\"\" class=\" n2-ss-slide n2-ss-canvas n2-ow  n2-ss-slide-41\"><div class=\"n2-ss-slide-background n2-ow\" data-mode=\"fill\"><div data-hash=\"99eada0f2588ac4db1f786f8d42eb062\" data-desktop=\"\/\/bgpack.com.br\/site\/wp-content\/uploads\/2022\/10\/slide01.jpg\" class=\"n2-ss-slide-background-image\" data-blur=\"0\"><img src=\"\/\/bgpack.com.br\/site\/wp-content\/uploads\/2022\/10\/slide01.jpg\" alt=\"\" \/><\/div><\/div><div class=\"n2-ss-layers-container n2-ow\" data-csstextalign=\"center\" style=\"\"><\/div><\/div><div data-slide-duration=\"0\" data-id=\"42\" style=\"\" class=\" n2-ss-slide n2-ss-canvas n2-ow  n2-ss-slide-42\"><div class=\"n2-ss-slide-background n2-ow\" data-mode=\"fill\"><div data-hash=\"c6c75067b1e2588e0bd8a9d6779c5672\" data-desktop=\"\/\/bgpack.com.br\/site\/wp-content\/uploads\/2022\/10\/slide02.jpg\" class=\"n2-ss-slide-background-image\" data-blur=\"0\"><img src=\"\/\/bgpack.com.br\/site\/wp-content\/uploads\/2022\/10\/slide02.jpg\" alt=\"\" \/><\/div><\/div><div class=\"n2-ss-layers-container n2-ow\" data-csstextalign=\"center\" style=\"\"><\/div><\/div><div data-slide-duration=\"0\" data-id=\"46\" style=\"\" class=\" n2-ss-slide n2-ss-canvas n2-ow  n2-ss-slide-46\"><div class=\"n2-ss-slide-background n2-ow\" data-mode=\"fill\"><div data-hash=\"e18ddc0ec43ec05945af36997063684d\" data-desktop=\"\/\/bgpack.com.br\/site\/wp-content\/uploads\/2022\/10\/slide04-1.jpg\" class=\"n2-ss-slide-background-image\" data-blur=\"0\"><img src=\"\/\/bgpack.com.br\/site\/wp-content\/uploads\/2022\/10\/slide04-1.jpg\" alt=\"\" \/><\/div><\/div><div class=\"n2-ss-layers-container n2-ow\" data-csstextalign=\"center\" style=\"\"><\/div><\/div><div data-slide-duration=\"0\" data-id=\"45\" style=\"\" class=\" n2-ss-slide n2-ss-canvas n2-ow  n2-ss-slide-45\"><div class=\"n2-ss-slide-background n2-ow\" data-mode=\"fill\"><div data-hash=\"6ee98187c86502bfed5cc62c1c067d89\" data-desktop=\"\/\/bgpack.com.br\/site\/wp-content\/uploads\/2022\/10\/slide05.jpg\" class=\"n2-ss-slide-background-image\" data-blur=\"0\"><img src=\"\/\/bgpack.com.br\/site\/wp-content\/uploads\/2022\/10\/slide05.jpg\" alt=\"\" \/><\/div><\/div><div class=\"n2-ss-layers-container n2-ow\" data-csstextalign=\"center\" style=\"\"><\/div><\/div>                <\/div>\r\n            <\/div>\r\n            <div data-ssleft=\"0+15\" data-sstop=\"height\/2-previousheight\/2\" id=\"n2-ss-4-arrow-previous\" class=\"n2-ss-widget n2-ss-widget-display-desktop n2-ss-widget-display-tablet n2-ss-widget-display-mobile nextend-arrow n2-ow nextend-arrow-previous  nextend-arrow-animated-fade n2-ib\" style=\"position: absolute;\" role=\"button\" aria-label=\"previous arrow\" tabindex=\"0\"><img class=\"n2-ow\" data-no-lazy=\"1\" data-hack=\"data-lazy-src\" src=\"data:image\/svg+xml;base64,PHN2ZyB3aWR0aD0iMzIiIGhlaWdodD0iMzIiIHZpZXdCb3g9IjAgMCAzMiAzMiIgeG1sbnM9Imh0dHA6Ly93d3cudzMub3JnLzIwMDAvc3ZnIj48cGF0aCBkPSJNMTEuNDMzIDE1Ljk5MkwyMi42OSA1LjcxMmMuMzkzLS4zOS4zOTMtMS4wMyAwLTEuNDItLjM5My0uMzktMS4wMy0uMzktMS40MjMgMGwtMTEuOTggMTAuOTRjLS4yMS4yMS0uMy40OS0uMjg1Ljc2LS4wMTUuMjguMDc1LjU2LjI4NC43N2wxMS45OCAxMC45NGMuMzkzLjM5IDEuMDMuMzkgMS40MjQgMCAuMzkzLS40LjM5My0xLjAzIDAtMS40MmwtMTEuMjU3LTEwLjI5IiBmaWxsPSIjZmZmZmZmIiBvcGFjaXR5PSIwLjgiIGZpbGwtcnVsZT0iZXZlbm9kZCIvPjwvc3ZnPg==\" alt=\"previous arrow\" \/><\/div>\n<div data-ssright=\"0+15\" data-sstop=\"height\/2-nextheight\/2\" id=\"n2-ss-4-arrow-next\" class=\"n2-ss-widget n2-ss-widget-display-desktop n2-ss-widget-display-tablet n2-ss-widget-display-mobile nextend-arrow n2-ow nextend-arrow-next  nextend-arrow-animated-fade n2-ib\" style=\"position: absolute;\" role=\"button\" aria-label=\"next arrow\" tabindex=\"0\"><img class=\"n2-ow\" data-no-lazy=\"1\" data-hack=\"data-lazy-src\" src=\"data:image\/svg+xml;base64,PHN2ZyB3aWR0aD0iMzIiIGhlaWdodD0iMzIiIHZpZXdCb3g9IjAgMCAzMiAzMiIgeG1sbnM9Imh0dHA6Ly93d3cudzMub3JnLzIwMDAvc3ZnIj48cGF0aCBkPSJNMTAuNzIyIDQuMjkzYy0uMzk0LS4zOS0xLjAzMi0uMzktMS40MjcgMC0uMzkzLjM5LS4zOTMgMS4wMyAwIDEuNDJsMTEuMjgzIDEwLjI4LTExLjI4MyAxMC4yOWMtLjM5My4zOS0uMzkzIDEuMDIgMCAxLjQyLjM5NS4zOSAxLjAzMy4zOSAxLjQyNyAwbDEyLjAwNy0xMC45NGMuMjEtLjIxLjMtLjQ5LjI4NC0uNzcuMDE0LS4yNy0uMDc2LS41NS0uMjg2LS43NkwxMC43MiA0LjI5M3oiIGZpbGw9IiNmZmZmZmYiIG9wYWNpdHk9IjAuOCIgZmlsbC1ydWxlPSJldmVub2RkIi8+PC9zdmc+\" alt=\"next arrow\" \/><\/div>\n        <\/div>\r\n        <\/div><div class=\"n2-clear\"><\/div><div id=\"n2-ss-4-spinner\" style=\"display: none;\"><div><div class=\"n2-ss-spinner-simple-white-container\"><div class=\"n2-ss-spinner-simple-white\"><\/div><\/div><\/div><\/div><\/div><\/div><div id=\"n2-ss-4-placeholder\" style=\"position: relative;z-index:2;background-color:RGBA(0,0,0,0);max-height:3000px; background-color:RGBA(255,255,255,0);\"><img style=\"width: 100%; max-width:3000px; display: block;opacity:0;margin:0px;\" class=\"n2-ow\" src=\"data:image\/svg+xml;base64,PHN2ZyB4bWxucz0iaHR0cDovL3d3dy53My5vcmcvMjAwMC9zdmciIHZlcnNpb249IjEuMCIgd2lkdGg9IjEyMDAiIGhlaWdodD0iNTAwIiA+PC9zdmc+\" alt=\"Slider\" \/><\/div><\/div>\r\n\r\n<h5>\u00a0<\/h5>\r\n<h5>A BGPACK teve seu in\u00edcio de atividades no ano de 2012 na cidade de Crici\u00fama\/SC, onde ainda est\u00e1 localizada, produzindo Containers Flex\u00edveis (BIG BAG) para diversos segmentos do mercado Nacional e Internacional atrav\u00e9s de exporta\u00e7\u00f5es indiretas os BIG BAG s\u00e3o envasados e enviados com mat\u00e9rias primas de nossos clientes para diversos Pa\u00edses. <br \/>Reconhecido conceito de qualidade e pre\u00e7o justo, a BGPACK vem a cada dia consolidando-se no mercado como uma empresa respons\u00e1vel e parceira nos neg\u00f3cios, tendo como perfil de atendimento, pequenas quantidades (fracionadas) e entregas (urgentes) imediatas, assim atendendo com diferencial os seus clientes.<\/h5>\r\n<p>&nbsp;<\/p>\r\n<p><!--EndFragment--><\/p>\r\n\r\n<div class=\"wp-block-image\">\r\n<figure class=\"aligncenter\"><img loading=\"lazy\" class=\"alignnone  wp-image-771\" src=\"https:\/\/bgpack.com.br\/site\/wp-content\/uploads\/2024\/02\/rodape_-41-300x122.png\" alt=\"\" width=\"654\" height=\"266\" srcset=\"https:\/\/bgpack.com.br\/site\/wp-content\/uploads\/2024\/02\/rodape_-41-300x122.png 300w, https:\/\/bgpack.com.br\/site\/wp-content\/uploads\/2024\/02\/rodape_-41.png 728w\" sizes=\"(max-width: 654px) 100vw, 654px\" \/><\/figure>\r\n<\/div>\r\n\r\n\r\n","protected":false},"excerpt":{"rendered":"<p> <a class=\"more-link\" href=\"https:\/\/bgpack.com.br\/site\/index.php\/produto\/\"><\/a><\/p>\n","protected":false},"author":1,"featured_media":738,"parent":0,"menu_order":0,"comment_status":"closed","ping_status":"closed","template":"","meta":[],"_links":{"self":[{"href":"https:\/\/bgpack.com.br\/site\/index.php\/wp-json\/wp\/v2\/pages\/9"}],"collection":[{"href":"https:\/\/bgpack.com.br\/site\/index.php\/wp-json\/wp\/v2\/pages"}],"about":[{"href":"https:\/\/bgpack.com.br\/site\/index.php\/wp-json\/wp\/v2\/types\/page"}],"author":[{"embeddable":true,"href":"https:\/\/bgpack.com.br\/site\/index.php\/wp-json\/wp\/v2\/users\/1"}],"replies":[{"embeddable":true,"href":"https:\/\/bgpack.com.br\/site\/index.php\/wp-json\/wp\/v2\/comments?post=9"}],"version-history":[{"count":3,"href":"https:\/\/bgpack.com.br\/site\/index.php\/wp-json\/wp\/v2\/pages\/9\/revisions"}],"predecessor-version":[{"id":773,"href":"https:\/\/bgpack.com.br\/site\/index.php\/wp-json\/wp\/v2\/pages\/9\/revisions\/773"}],"wp:featuredmedia":[{"embeddable":true,"href":"https:\/\/bgpack.com.br\/site\/index.php\/wp-json\/wp\/v2\/media\/738"}],"wp:attachment":[{"href":"https:\/\/bgpack.com.br\/site\/index.php\/wp-json\/wp\/v2\/media?parent=9"}],"curies":[{"name":"wp","href":"https:\/\/api.w.org\/{rel}","templated":true}]}}