{"id":790,"date":"2024-04-25T14:02:41","date_gmt":"2024-04-25T14:02:41","guid":{"rendered":"https:\/\/bgpack.com.br\/site\/?page_id=790"},"modified":"2024-05-27T18:44:19","modified_gmt":"2024-05-27T18:44:19","slug":"dutos-de-ventilacao","status":"publish","type":"page","link":"https:\/\/bgpack.com.br\/site\/index.php\/dutos-de-ventilacao\/","title":{"rendered":"Dutos de Ventila\u00e7\u00e3o"},"content":{"rendered":"<h1><\/h1>\n<p>Conex\u00e3o curvas de ventila\u00e7\u00e3o 900 mm*<\/p>\n<p><img loading=\"lazy\" class=\"alignnone size-medium wp-image-795\" src=\"https:\/\/bgpack.com.br\/site\/wp-content\/uploads\/2024\/04\/01-300x190.png\" alt=\"\" width=\"300\" height=\"190\" srcset=\"https:\/\/bgpack.com.br\/site\/wp-content\/uploads\/2024\/04\/01-300x190.png 300w, https:\/\/bgpack.com.br\/site\/wp-content\/uploads\/2024\/04\/01-1024x650.png 1024w, https:\/\/bgpack.com.br\/site\/wp-content\/uploads\/2024\/04\/01-768x488.png 768w, https:\/\/bgpack.com.br\/site\/wp-content\/uploads\/2024\/04\/01.png 1512w\" sizes=\"(max-width: 300px) 100vw, 300px\" \/><\/p>\n<p>Conex\u00e3o de curvas de ventila\u00e7\u00e3o 160 mm*<\/p>\n<p><img loading=\"lazy\" class=\"alignnone size-medium wp-image-796\" src=\"https:\/\/bgpack.com.br\/site\/wp-content\/uploads\/2024\/04\/04-300x212.png\" alt=\"\" width=\"300\" height=\"212\" srcset=\"https:\/\/bgpack.com.br\/site\/wp-content\/uploads\/2024\/04\/04-300x212.png 300w, https:\/\/bgpack.com.br\/site\/wp-content\/uploads\/2024\/04\/04-1024x722.png 1024w, https:\/\/bgpack.com.br\/site\/wp-content\/uploads\/2024\/04\/04-768x542.png 768w, https:\/\/bgpack.com.br\/site\/wp-content\/uploads\/2024\/04\/04-1536x1084.png 1536w, https:\/\/bgpack.com.br\/site\/wp-content\/uploads\/2024\/04\/04.png 1701w\" sizes=\"(max-width: 300px) 100vw, 300px\" \/><\/p>\n<p>Obs.:* Enchimento cinza utilizado para produ\u00e7\u00e3o de fotos.<br \/>\nN\u00e3o acompanha o produto.<\/p>\n","protected":false},"excerpt":{"rendered":"<p> <a class=\"more-link\" href=\"https:\/\/bgpack.com.br\/site\/index.php\/dutos-de-ventilacao\/\"><\/a><\/p>\n","protected":false},"author":1,"featured_media":0,"parent":0,"menu_order":0,"comment_status":"closed","ping_status":"closed","template":"","meta":[],"_links":{"self":[{"href":"https:\/\/bgpack.com.br\/site\/index.php\/wp-json\/wp\/v2\/pages\/790"}],"collection":[{"href":"https:\/\/bgpack.com.br\/site\/index.php\/wp-json\/wp\/v2\/pages"}],"about":[{"href":"https:\/\/bgpack.com.br\/site\/index.php\/wp-json\/wp\/v2\/types\/page"}],"author":[{"embeddable":true,"href":"https:\/\/bgpack.com.br\/site\/index.php\/wp-json\/wp\/v2\/users\/1"}],"replies":[{"embeddable":true,"href":"https:\/\/bgpack.com.br\/site\/index.php\/wp-json\/wp\/v2\/comments?post=790"}],"version-history":[{"count":7,"href":"https:\/\/bgpack.com.br\/site\/index.php\/wp-json\/wp\/v2\/pages\/790\/revisions"}],"predecessor-version":[{"id":801,"href":"https:\/\/bgpack.com.br\/site\/index.php\/wp-json\/wp\/v2\/pages\/790\/revisions\/801"}],"wp:attachment":[{"href":"https:\/\/bgpack.com.br\/site\/index.php\/wp-json\/wp\/v2\/media?parent=790"}],"curies":[{"name":"wp","href":"https:\/\/api.w.org\/{rel}","templated":true}]}}