{"id":627,"date":"2019-10-18T18:48:26","date_gmt":"2019-10-18T18:48:26","guid":{"rendered":"http:\/\/bgpack.com.br\/site\/?page_id=627"},"modified":"2024-02-19T17:31:41","modified_gmt":"2024-02-19T17:31:41","slug":"social","status":"publish","type":"page","link":"https:\/\/bgpack.com.br\/site\/index.php\/social\/","title":{"rendered":"Social"},"content":{"rendered":"\r\n<p style=\"text-align: center;\">\u00a0<\/p>\r\n\r\n\r\n\r\n<p>&nbsp;<\/p>\r\n\r\n\r\n\r\n<div class=\"wp-block-image\">\r\n<figure class=\"aligncenter\"><img loading=\"lazy\" width=\"1024\" height=\"741\" class=\"wp-image-633\" src=\"https:\/\/bgpack.com.br\/site\/wp-content\/uploads\/2019\/10\/social-1024x741.jpg\" alt=\"\" srcset=\"https:\/\/bgpack.com.br\/site\/wp-content\/uploads\/2019\/10\/social-1024x741.jpg 1024w, https:\/\/bgpack.com.br\/site\/wp-content\/uploads\/2019\/10\/social-300x217.jpg 300w, https:\/\/bgpack.com.br\/site\/wp-content\/uploads\/2019\/10\/social-768x556.jpg 768w, https:\/\/bgpack.com.br\/site\/wp-content\/uploads\/2019\/10\/social.jpg 1152w\" sizes=\"(max-width: 1024px) 100vw, 1024px\" \/><\/figure>\r\n<\/div>\r\n\r\n\r\n\r\n<p>&nbsp;<\/p>\r\n\r\n\r\n\r\n<p style=\"text-align: center;\">A BGPack faz parte da Equipe Multi-Institucional junto com a CRUZ VERMELHA BRASILEIRA e EX\u00c9RCITO BRASILEIRO 28\u00ba &#8211; GAC\/Grupo de Artilharia na Campanha do Agasalho.<\/p>\r\n\r\n\r\n\r\n<figure class=\"wp-block-embed-youtube wp-block-embed is-type-video is-provider-youtube wp-embed-aspect-16-9 wp-has-aspect-ratio\">\r\n<div class=\"wp-block-embed__wrapper\">\u00a0<\/div>\r\n<div style=\"text-align: center;\">BGPack fez Parte !<\/div>\r\n<div>\u00a0<\/div>\r\n<\/figure>\r\n\r\n\r\n\r\n<figure class=\"wp-block-image\"><img loading=\"lazy\" width=\"960\" height=\"659\" class=\"wp-image-653\" src=\"https:\/\/bgpack.com.br\/site\/wp-content\/uploads\/2020\/08\/google.jpg\" alt=\"\" srcset=\"https:\/\/bgpack.com.br\/site\/wp-content\/uploads\/2020\/08\/google.jpg 960w, https:\/\/bgpack.com.br\/site\/wp-content\/uploads\/2020\/08\/google-300x206.jpg 300w, https:\/\/bgpack.com.br\/site\/wp-content\/uploads\/2020\/08\/google-768x527.jpg 768w\" sizes=\"(max-width: 960px) 100vw, 960px\" \/>\r\n<figcaption>Log\u00edstica Reversa uma a\u00e7\u00e3o indispens\u00e1vel para o meio ambiente. <br \/>Voc\u00ea sabe o que \u00e9\u00a0<a href=\"https:\/\/www.facebook.com\/hashtag\/log%C3%ADsticareversa?__eep__=6&amp;source=feed_text&amp;epa=HASHTAG&amp;__xts__%5B0%5D=68.ARBILV98ttTJbzLDW6RtTJtbtVNsi7nb1Va58ZHhTMY8FIXuRsTycC_QeK8AATiG7fu2_b-LKce_KLCNBDFbeEusknwdpRwCgO67qaVmyBlU-rtAvD7JC2ymorP9Lwdbv8k2PrFrAyPMTmkkDbtdDbovHKm8bA6MBoQViJ-E1ZRE1nH2l_nd8RVoQL_WgfX2WMdEv8Gd8Qz6LZCaE5S0SEItnsY1DILXhGeC0xdhmBOA2DPm_hq_HeNzivTqC90w95x7tPUGl4oakGrm9l3hMg_Qcxfo_LeTvA4Zx-Y7vX06zme71-v3KqskBvdwJzZHJWuyWXE3cMNsnQBic51cMMw&amp;__tn__=%2ANK-R\">#log\u00edsticareversa<\/a>?<br \/>Consiste no retorno do produto ou parte dele para sua origem ou f\u00e1brica. A log\u00edstica reversa pode ser utilizada por empresas de todos os segmentos e tamanhos, ainda que seja obrigat\u00f3ria somente para o setor que lida com produtos perigosos. Assim, pode ser um diferencial competitivo e um importante valor para sua marca.<br \/>Enquanto a log\u00edstica possibilita que produtos e mercadorias\u00a0sejam enviados aos consumidores em qualquer parte do mundo, a log\u00edstica reversa trata de cuidar dos <br \/>res\u00edduos p\u00f3s-consumo como embalagens, env\u00f3lucros de produtos t\u00f3xicos,<br \/>baterias de celular, baterias de carros , pilhas, etc&#8230;<br \/>O sistema de log\u00edstica reversa da BG Pack promove esta a\u00e7\u00e3o atrav\u00e9s da reciclagem e reutiliza\u00e7\u00e3o de\u00a0<a href=\"https:\/\/www.facebook.com\/hashtag\/bigbags?__eep__=6&amp;source=feed_text&amp;epa=HASHTAG&amp;__xts__%5B0%5D=68.ARBILV98ttTJbzLDW6RtTJtbtVNsi7nb1Va58ZHhTMY8FIXuRsTycC_QeK8AATiG7fu2_b-LKce_KLCNBDFbeEusknwdpRwCgO67qaVmyBlU-rtAvD7JC2ymorP9Lwdbv8k2PrFrAyPMTmkkDbtdDbovHKm8bA6MBoQViJ-E1ZRE1nH2l_nd8RVoQL_WgfX2WMdEv8Gd8Qz6LZCaE5S0SEItnsY1DILXhGeC0xdhmBOA2DPm_hq_HeNzivTqC90w95x7tPUGl4oakGrm9l3hMg_Qcxfo_LeTvA4Zx-Y7vX06zme71-v3KqskBvdwJzZHJWuyWXE3cMNsnQBic51cMMw&amp;__tn__=%2ANK-R\">#bigbags<\/a>.\u00a0<a href=\"https:\/\/www.facebook.com\/hashtag\/bigbags?__eep__=6&amp;source=feed_text&amp;epa=HASHTAG&amp;__xts__%5B0%5D=68.ARBILV98ttTJbzLDW6RtTJtbtVNsi7nb1Va58ZHhTMY8FIXuRsTycC_QeK8AATiG7fu2_b-LKce_KLCNBDFbeEusknwdpRwCgO67qaVmyBlU-rtAvD7JC2ymorP9Lwdbv8k2PrFrAyPMTmkkDbtdDbovHKm8bA6MBoQViJ-E1ZRE1nH2l_nd8RVoQL_WgfX2WMdEv8Gd8Qz6LZCaE5S0SEItnsY1DILXhGeC0xdhmBOA2DPm_hq_HeNzivTqC90w95x7tPUGl4oakGrm9l3hMg_Qcxfo_LeTvA4Zx-Y7vX06zme71-v3KqskBvdwJzZHJWuyWXE3cMNsnQBic51cMMw&amp;__tn__=%2ANK-R\">#Bigbags<\/a>\u00a0s\u00e3o containers flex\u00edveis que s\u00e3o utilizados em todos os setores produtivos. S\u00e3o produzidos a partir do polipropileno e duram muito, al\u00e9m de ocuparem pouco espa\u00e7o.<br \/>Quem usa BigBags, usa m\u00e9todos de produ\u00e7\u00e3o focados no futuro de nosso Planeta.<br \/>@bgpack<\/figcaption>\r\n<\/figure>\r\n","protected":false},"excerpt":{"rendered":"<p> <a class=\"more-link\" href=\"https:\/\/bgpack.com.br\/site\/index.php\/social\/\"><\/a><\/p>\n","protected":false},"author":1,"featured_media":762,"parent":0,"menu_order":0,"comment_status":"closed","ping_status":"closed","template":"","meta":[],"_links":{"self":[{"href":"https:\/\/bgpack.com.br\/site\/index.php\/wp-json\/wp\/v2\/pages\/627"}],"collection":[{"href":"https:\/\/bgpack.com.br\/site\/index.php\/wp-json\/wp\/v2\/pages"}],"about":[{"href":"https:\/\/bgpack.com.br\/site\/index.php\/wp-json\/wp\/v2\/types\/page"}],"author":[{"embeddable":true,"href":"https:\/\/bgpack.com.br\/site\/index.php\/wp-json\/wp\/v2\/users\/1"}],"replies":[{"embeddable":true,"href":"https:\/\/bgpack.com.br\/site\/index.php\/wp-json\/wp\/v2\/comments?post=627"}],"version-history":[{"count":18,"href":"https:\/\/bgpack.com.br\/site\/index.php\/wp-json\/wp\/v2\/pages\/627\/revisions"}],"predecessor-version":[{"id":780,"href":"https:\/\/bgpack.com.br\/site\/index.php\/wp-json\/wp\/v2\/pages\/627\/revisions\/780"}],"wp:featuredmedia":[{"embeddable":true,"href":"https:\/\/bgpack.com.br\/site\/index.php\/wp-json\/wp\/v2\/media\/762"}],"wp:attachment":[{"href":"https:\/\/bgpack.com.br\/site\/index.php\/wp-json\/wp\/v2\/media?parent=627"}],"curies":[{"name":"wp","href":"https:\/\/api.w.org\/{rel}","templated":true}]}}