{"id":445,"date":"2019-10-08T13:34:32","date_gmt":"2019-10-08T13:34:32","guid":{"rendered":"http:\/\/bgpack.com.br\/site\/?page_id=445"},"modified":"2024-02-19T17:27:33","modified_gmt":"2024-02-19T17:27:33","slug":"bigbags","status":"publish","type":"page","link":"https:\/\/bgpack.com.br\/site\/index.php\/bigbags\/","title":{"rendered":"BigBags"},"content":{"rendered":"\r\n\r\n\r\n\r\n\r\n\r\n\n<table id=\"tablepress-14\" class=\"tablepress tablepress-id-14\">\n<tbody class=\"row-hover\">\n<tr class=\"row-1 odd\">\n\t<td class=\"column-1\">Big Bags s\u00e3o embalagens (ou contentores) flex\u00edveis que apresentam como caracter\u00edsticas principais \u00f3timos n\u00edveis de resist\u00eancia e de versatilidade. Tamb\u00e9m s\u00e3o conhecidas pela sigla FIBC, de Flexible Intermediate Bulk Container.<br \/>\nBastante econ\u00f4micos, de f\u00e1cil manuseio, transporte e armazenamento, essas embalagens servem para transportar ou estocar qualquer tipo de produto. S\u00e3o produzidas a partir de compostos de alta resist\u00eancia, como o polipropileno e o polietileno. T\u00eam tamb\u00e9m prote\u00e7\u00e3o contra raios UV.<br \/>\n<\/td>\n<\/tr>\n<\/tbody>\n<\/table>\n\n\r\n\r\n\r\n<div class=\"wp-block-image\">\r\n<figure class=\"aligncenter is-resized\"><img loading=\"lazy\" class=\"size-medium wp-image-691 aligncenter\" src=\"https:\/\/bgpack.com.br\/site\/wp-content\/uploads\/2022\/03\/bibag_grandao-240x300.png\" alt=\"\" width=\"240\" height=\"300\" srcset=\"https:\/\/bgpack.com.br\/site\/wp-content\/uploads\/2022\/03\/bibag_grandao-240x300.png 240w, https:\/\/bgpack.com.br\/site\/wp-content\/uploads\/2022\/03\/bibag_grandao-819x1024.png 819w, https:\/\/bgpack.com.br\/site\/wp-content\/uploads\/2022\/03\/bibag_grandao-768x960.png 768w, https:\/\/bgpack.com.br\/site\/wp-content\/uploads\/2022\/03\/bibag_grandao.png 1024w\" sizes=\"(max-width: 240px) 100vw, 240px\" \/><\/figure>\r\n<\/div>\r\n\r\n\r\n\r\n<div class=\"wp-block-image\">\r\n<figure class=\"aligncenter is-resized\"><img loading=\"lazy\" class=\"size-medium wp-image-693 aligncenter\" src=\"https:\/\/bgpack.com.br\/site\/wp-content\/uploads\/2022\/03\/bigbagg-300x134.png\" alt=\"\" width=\"300\" height=\"134\" srcset=\"https:\/\/bgpack.com.br\/site\/wp-content\/uploads\/2022\/03\/bigbagg-300x134.png 300w, https:\/\/bgpack.com.br\/site\/wp-content\/uploads\/2022\/03\/bigbagg.png 310w\" sizes=\"(max-width: 300px) 100vw, 300px\" \/><\/figure>\r\n<\/div>\r\n\r\n\r\n\r\n<p>&nbsp;<\/p>\r\n\r\n\r\n\r\n<div class=\"wp-block-image\" style=\"text-align: center;\">\r\n<figure class=\"aligncenter\"><img loading=\"lazy\" class=\"size-medium wp-image-694 aligncenter\" src=\"https:\/\/bgpack.com.br\/site\/wp-content\/uploads\/2022\/03\/AberturaTotalSuperior-300x297.png\" alt=\"\" width=\"300\" height=\"297\" srcset=\"https:\/\/bgpack.com.br\/site\/wp-content\/uploads\/2022\/03\/AberturaTotalSuperior-300x297.png 300w, https:\/\/bgpack.com.br\/site\/wp-content\/uploads\/2022\/03\/AberturaTotalSuperior-150x150.png 150w, https:\/\/bgpack.com.br\/site\/wp-content\/uploads\/2022\/03\/AberturaTotalSuperior.png 444w\" sizes=\"(max-width: 300px) 100vw, 300px\" \/><br \/>\r\n<figcaption>Abertura Total Superior<\/figcaption>\r\n<\/figure>\r\n<\/div>\r\n\r\n\r\n\r\n<div class=\"wp-block-image\" style=\"text-align: center;\">\r\n<figure class=\"aligncenter\"><img loading=\"lazy\" class=\"size-medium wp-image-695 aligncenter\" src=\"https:\/\/bgpack.com.br\/site\/wp-content\/uploads\/2022\/03\/saiasuperior-300x295.png\" alt=\"\" width=\"300\" height=\"295\" srcset=\"https:\/\/bgpack.com.br\/site\/wp-content\/uploads\/2022\/03\/saiasuperior-300x295.png 300w, https:\/\/bgpack.com.br\/site\/wp-content\/uploads\/2022\/03\/saiasuperior.png 444w\" sizes=\"(max-width: 300px) 100vw, 300px\" \/><br \/>\r\n<figcaption>Saia Superior<\/figcaption>\r\n<\/figure>\r\n<\/div>\r\n\r\n\r\n\r\n<div class=\"wp-block-image\">\r\n<figure class=\"aligncenter\"><img loading=\"lazy\" class=\"size-medium wp-image-696 aligncenter\" src=\"https:\/\/bgpack.com.br\/site\/wp-content\/uploads\/2022\/03\/saiavalvula-284x300.png\" alt=\"\" width=\"284\" height=\"300\" srcset=\"https:\/\/bgpack.com.br\/site\/wp-content\/uploads\/2022\/03\/saiavalvula-284x300.png 284w, https:\/\/bgpack.com.br\/site\/wp-content\/uploads\/2022\/03\/saiavalvula.png 436w\" sizes=\"(max-width: 284px) 100vw, 284px\" \/><\/figure>\r\n<\/div>\r\n\r\n\r\n\r\n<p style=\"text-align: center;\">Saia V\u00e1lvula<\/p>\r\n\r\n\r\n\r\n<div class=\"wp-block-image\">\r\n<figure class=\"aligncenter\"><img loading=\"lazy\" class=\"size-medium wp-image-697 aligncenter\" src=\"https:\/\/bgpack.com.br\/site\/wp-content\/uploads\/2022\/03\/valvulasuperior-300x295.png\" alt=\"\" width=\"300\" height=\"295\" srcset=\"https:\/\/bgpack.com.br\/site\/wp-content\/uploads\/2022\/03\/valvulasuperior-300x295.png 300w, https:\/\/bgpack.com.br\/site\/wp-content\/uploads\/2022\/03\/valvulasuperior.png 444w\" sizes=\"(max-width: 300px) 100vw, 300px\" \/><\/figure>\r\n<\/div>\r\n\r\n\r\n\r\n<p style=\"text-align: center;\">V\u00e1lvula Superior<\/p>\r\n\r\n\r\n\r\n<div class=\"wp-block-image\">\r\n<figure class=\"aligncenter\"><img loading=\"lazy\" class=\"alignnone  wp-image-771\" src=\"https:\/\/bgpack.com.br\/site\/wp-content\/uploads\/2024\/02\/rodape_-41-300x122.png\" alt=\"\" width=\"725\" height=\"295\" srcset=\"https:\/\/bgpack.com.br\/site\/wp-content\/uploads\/2024\/02\/rodape_-41-300x122.png 300w, https:\/\/bgpack.com.br\/site\/wp-content\/uploads\/2024\/02\/rodape_-41.png 728w\" sizes=\"(max-width: 725px) 100vw, 725px\" \/><\/figure>\r\n<\/div>\r\n","protected":false},"excerpt":{"rendered":"<p> <a class=\"more-link\" href=\"https:\/\/bgpack.com.br\/site\/index.php\/bigbags\/\"><\/a><\/p>\n","protected":false},"author":1,"featured_media":0,"parent":0,"menu_order":0,"comment_status":"closed","ping_status":"closed","template":"","meta":[],"_links":{"self":[{"href":"https:\/\/bgpack.com.br\/site\/index.php\/wp-json\/wp\/v2\/pages\/445"}],"collection":[{"href":"https:\/\/bgpack.com.br\/site\/index.php\/wp-json\/wp\/v2\/pages"}],"about":[{"href":"https:\/\/bgpack.com.br\/site\/index.php\/wp-json\/wp\/v2\/types\/page"}],"author":[{"embeddable":true,"href":"https:\/\/bgpack.com.br\/site\/index.php\/wp-json\/wp\/v2\/users\/1"}],"replies":[{"embeddable":true,"href":"https:\/\/bgpack.com.br\/site\/index.php\/wp-json\/wp\/v2\/comments?post=445"}],"version-history":[{"count":7,"href":"https:\/\/bgpack.com.br\/site\/index.php\/wp-json\/wp\/v2\/pages\/445\/revisions"}],"predecessor-version":[{"id":777,"href":"https:\/\/bgpack.com.br\/site\/index.php\/wp-json\/wp\/v2\/pages\/445\/revisions\/777"}],"wp:attachment":[{"href":"https:\/\/bgpack.com.br\/site\/index.php\/wp-json\/wp\/v2\/media?parent=445"}],"curies":[{"name":"wp","href":"https:\/\/api.w.org\/{rel}","templated":true}]}}